{"id":10,"date":"2023-06-18T15:31:44","date_gmt":"2023-06-18T15:31:44","guid":{"rendered":"http:\/\/delsol.design\/rambleta\/?page_id=10"},"modified":"2024-01-10T22:53:40","modified_gmt":"2024-01-10T22:53:40","slug":"homepage","status":"publish","type":"page","link":"https:\/\/larambleta.es\/ca\/","title":{"rendered":"Inici"},"content":{"rendered":"\n<h2 class=\"wp-block-heading has-text-align-center home-title-main\"><strong><\/strong><strong>Qui som<\/strong><\/h2>\n\n\n\n<h5 class=\"wp-block-heading has-text-align-center home-title-line\">L&#8217;associaci\u00f3 de Comerciants de La Rambleta compta en l&#8217;actualitat amb 16 comer\u00e7os associats.<\/h5>\n\n\n\n<div class=\"wp-block-columns wide-gap mb-4 is-layout-flex wp-container-core-columns-layout-1 wp-block-columns-is-layout-flex\">\n<div class=\"wp-block-column is-layout-flow wp-block-column-is-layout-flow\">\n<figure class=\"wp-block-image size-large\"><img loading=\"lazy\" decoding=\"async\" width=\"857\" height=\"1024\" src=\"https:\/\/myblog-b1g18ijg6i.live-website.com\/wp-content\/uploads\/2023\/07\/rambleta-collage-857x1024.png\" alt=\"\" class=\"wp-image-56\" srcset=\"https:\/\/larambleta.es\/wp-content\/uploads\/2023\/07\/rambleta-collage-857x1024.png 857w, https:\/\/larambleta.es\/wp-content\/uploads\/2023\/07\/rambleta-collage-251x300.png 251w, https:\/\/larambleta.es\/wp-content\/uploads\/2023\/07\/rambleta-collage-768x917.png 768w, https:\/\/larambleta.es\/wp-content\/uploads\/2023\/07\/rambleta-collage.png 1059w\" sizes=\"(max-width: 857px) 100vw, 857px\" \/><\/figure>\n<\/div>\n\n\n\n<div class=\"wp-block-column is-layout-flow wp-block-column-is-layout-flow\">\n<p>L&#8217;Associaci\u00f3 de Comerciants de La Rambleta \u00e9s una entitat formada per diversos comer\u00e7os situats, en la seva majoria, a la Rambleta de Pablo Iglesias, que va sorgir amb l&#8217;objectiu de dinamitzar, millorar i donar suport al comer\u00e7 d&#8217;aquesta zona del barri de La Prosperitat.<\/p>\n\n\n\n<p>En aquest sentit, des de l&#8217;associaci\u00f3 s&#8217;est\u00e0 treballant per a visibilitzar el comer\u00e7 a trav\u00e9s d&#8217;accions de promoci\u00f3 econ\u00f2mica i, al mateix temps, s&#8217;est\u00e0 desenvolupant una labor interna de suport a les necessitats del petit comer\u00e7, tenint en compte els recursos p\u00fablics que hi ha disponibles per a ajudar aquest sector a ser m\u00e9s competitiu (ajudes, formaci\u00f3, assessorament\u2026).<\/p>\n\n\n\n<p>A m\u00e9s, intentem col\u00b7aborar en les activitats que es desenvolupen en el territori per part d&#8217;altres entitats i crear sinergies que permetin avan\u00e7ar, no sols al comer\u00e7, sin\u00f3 al barri en el qual ens trobem: La Prosperitat.<\/p>\n\n\n\n<p>Per aix\u00f2, per a nosaltres \u00e9s molt important fomentar la cohesi\u00f3 social, la uni\u00f3 i la solidaritat i, en la mesura de les nostres possibilitats, contribuir al desenvolupament econ\u00f2mic del barri, molt especialment del petit comer\u00e7, millorant la seva competitivitat i, al mateix temps, enfortir a l&#8217;Associaci\u00f3 de Comerciants de La Rambleta.<\/p>\n\n\n\n<div class=\"wp-block-buttons is-layout-flex wp-block-buttons-is-layout-flex\">\n<div class=\"wp-block-button\"><a class=\"wp-block-button__link wp-element-button\" href=\"https:\/\/myblog-b1g18ijg6i.live-website.com\/la-asociacion\/\">Saber m\u00e9s<\/a><\/div>\n<\/div>\n<\/div>\n<\/div>\n\n\n\n<p><\/p>\n","protected":false},"excerpt":{"rendered":"<p><!-- wp:heading {\"textAlign\":\"center\",\"className\":\"home-title-main\"} --><\/p>\n<h2 class=\"wp-block-heading has-text-align-center home-title-main\"><strong><strong>Qui som<\/strong><\/strong><\/h2>\n<p><!-- \/wp:heading --><\/p>\n<p><!-- wp:heading {\"textAlign\":\"center\",\"le...\n<\/p>\n","protected":false},"author":1,"featured_media":52,"parent":0,"menu_order":0,"comment_status":"closed","ping_status":"closed","template":"","meta":{"_acf_changed":false,"photos":"","website":"","twitter":"","facebook":"","twitch":"","youtube":"","instagram":"","linkedin":"","tiktok":"","name-display-cat":"","name-display-esp":"","adress":"","email":"","phone":"","about-ca":"","about-es":"","photo-gallery":"","horarios":"%5B%5D","map-location":"","footnotes":""},"acf":[],"_links":{"self":[{"href":"https:\/\/larambleta.es\/ca\/wp-json\/wp\/v2\/pages\/10"}],"collection":[{"href":"https:\/\/larambleta.es\/ca\/wp-json\/wp\/v2\/pages"}],"about":[{"href":"https:\/\/larambleta.es\/ca\/wp-json\/wp\/v2\/types\/page"}],"author":[{"embeddable":true,"href":"https:\/\/larambleta.es\/ca\/wp-json\/wp\/v2\/users\/1"}],"replies":[{"embeddable":true,"href":"https:\/\/larambleta.es\/ca\/wp-json\/wp\/v2\/comments?post=10"}],"version-history":[{"count":69,"href":"https:\/\/larambleta.es\/ca\/wp-json\/wp\/v2\/pages\/10\/revisions"}],"predecessor-version":[{"id":616,"href":"https:\/\/larambleta.es\/ca\/wp-json\/wp\/v2\/pages\/10\/revisions\/616"}],"wp:featuredmedia":[{"embeddable":true,"href":"https:\/\/larambleta.es\/ca\/wp-json\/wp\/v2\/media\/52"}],"wp:attachment":[{"href":"https:\/\/larambleta.es\/ca\/wp-json\/wp\/v2\/media?parent=10"}],"curies":[{"name":"wp","href":"https:\/\/api.w.org\/{rel}","templated":true}]}}