{"id":205,"date":"2023-07-29T14:03:52","date_gmt":"2023-07-29T14:03:52","guid":{"rendered":"http:\/\/delsol.design\/rambleta\/?page_id=205"},"modified":"2023-08-11T16:13:11","modified_gmt":"2023-08-11T16:13:11","slug":"la-asociacion","status":"publish","type":"page","link":"https:\/\/larambleta.es\/ca\/la-asociacion\/","title":{"rendered":"L\u2019Associaci\u00f3"},"content":{"rendered":"\n<section class=\"wp-block-group top-la-asociacion is-layout-constrained wp-block-group-is-layout-constrained\"><div class=\"wp-block-group__inner-container\">\n<h1 class=\"wp-block-heading has-text-align-center decorated\"><strong>L\u2019Associaci\u00f3<\/strong><\/h1>\n\n\n\n<div class=\"wp-block-columns is-layout-flex wp-container-core-columns-layout-1 wp-block-columns-is-layout-flex\">\n<div class=\"wp-block-column is-layout-flow wp-block-column-is-layout-flow\">\n<figure class=\"wp-block-image size-full\"><img loading=\"lazy\" decoding=\"async\" width=\"570\" height=\"480\" src=\"https:\/\/myblog-b1g18ijg6i.live-website.com\/wp-content\/uploads\/2023\/07\/associacion-img.png\" alt=\"\" class=\"wp-image-207\" srcset=\"https:\/\/larambleta.es\/wp-content\/uploads\/2023\/07\/associacion-img.png 570w, https:\/\/larambleta.es\/wp-content\/uploads\/2023\/07\/associacion-img-300x253.png 300w\" sizes=\"(max-width: 570px) 100vw, 570px\" \/><\/figure>\n<\/div>\n\n\n\n<div class=\"wp-block-column is-layout-flow wp-block-column-is-layout-flow\">\n<p>L&#8217;Associaci\u00f3 de Comerciants de La Rambleta compta en l&#8217;actualitat amb 16 comer\u00e7os associats situats, en la seva majoria, en la zona coneguda com la Rambleta de Pablo Iglesias. L&#8217;entitat, que va n\u00e9ixer l&#8217;any 2016, t\u00e9 com a principal objectiu la defensa dels interessos dels comer\u00e7os i empreses de La Rambleta i la representaci\u00f3 d&#8217;aquest col\u2022lectiu davant l&#8217;Administraci\u00f3.<\/p>\n\n\n\n<p>A m\u00e9s, amb la creaci\u00f3 d&#8217;aquesta associaci\u00f3 es van fixar altres metes com fomentar la cohesi\u00f3 del teixit comercial i empresarial d&#8217;aquesta zona i la col\u2022laboraci\u00f3 i participaci\u00f3 en aquells projectes del barri que contribueixin a millorar la competitivitat i la promoci\u00f3 de les empreses que hi operen.<\/p>\n\n\n\n<p><strong>Objectius de l&#8217;Associaci\u00f3<\/strong><\/p>\n\n\n\n<p>El principal objectiu de l&#8217;Associaci\u00f3 de Comerciants de La Rambleta \u00e9s defensar els interessos de comer\u00e7 de La Rambleta i zones pr\u00f2ximes en general i dels comer\u00e7os associats en particular.<\/p>\n<\/div>\n<\/div>\n<\/div><\/section>\n\n\n\n<div style=\"height:110px\" aria-hidden=\"true\" class=\"wp-block-spacer\"><\/div>\n\n\n\n<section class=\"wp-block-group section-gray is-layout-constrained wp-block-group-is-layout-constrained\"><div class=\"wp-block-group__inner-container\">\n<h2 class=\"wp-block-heading has-text-align-center\">Objectius de l&#8217;associaci\u00f3<\/h2>\n\n\n\n<div style=\"height:70px\" aria-hidden=\"true\" class=\"wp-block-spacer\"><\/div>\n\n\n\n<div class=\"wp-block-columns feature-cards is-layout-flex wp-container-core-columns-layout-2 wp-block-columns-is-layout-flex\">\n<div class=\"wp-block-column is-layout-flow wp-block-column-is-layout-flow\"><div class=\"wp-block-image\">\n<figure class=\"aligncenter size-full\"><img loading=\"lazy\" decoding=\"async\" width=\"87\" height=\"87\" src=\"https:\/\/myblog-b1g18ijg6i.live-website.com\/wp-content\/uploads\/2023\/07\/obj-1.png\" alt=\"\" class=\"wp-image-208\"\/><\/figure><\/div>\n\n\n<p class=\"has-text-align-center\">Establir contactes amb la resta d&#8217;entitats del barri de La Prosperitat, organitzacions i entitats p\u00fabliques del territori.<\/p>\n<\/div>\n\n\n\n<div class=\"wp-block-column is-layout-flow wp-block-column-is-layout-flow\"><div class=\"wp-block-image\">\n<figure class=\"aligncenter size-full\"><img loading=\"lazy\" decoding=\"async\" width=\"87\" height=\"87\" src=\"https:\/\/myblog-b1g18ijg6i.live-website.com\/wp-content\/uploads\/2023\/07\/obj-2.png\" alt=\"\" class=\"wp-image-209\"\/><\/figure><\/div>\n\n\n<p class=\"has-text-align-center\">Potenciar l&#8217;activitat comercial de La Rambleta.<\/p>\n<\/div>\n\n\n\n<div class=\"wp-block-column is-layout-flow wp-block-column-is-layout-flow\"><div class=\"wp-block-image\">\n<figure class=\"aligncenter size-full\"><img loading=\"lazy\" decoding=\"async\" width=\"87\" height=\"87\" src=\"https:\/\/myblog-b1g18ijg6i.live-website.com\/wp-content\/uploads\/2023\/07\/obj-3.png\" alt=\"\" class=\"wp-image-210\"\/><\/figure><\/div>\n\n\n<p class=\"has-text-align-center\">Fomentar la cooperaci\u00f3 entre els comer\u00e7os i els comerciants.<\/p>\n<\/div>\n<\/div>\n\n\n\n<div class=\"wp-block-columns feature-cards is-layout-flex wp-container-core-columns-layout-3 wp-block-columns-is-layout-flex\">\n<div class=\"wp-block-column is-layout-flow wp-block-column-is-layout-flow\"><div class=\"wp-block-image\">\n<figure class=\"aligncenter size-full\"><img loading=\"lazy\" decoding=\"async\" width=\"87\" height=\"87\" src=\"https:\/\/myblog-b1g18ijg6i.live-website.com\/wp-content\/uploads\/2023\/07\/obj-4.png\" alt=\"\" class=\"wp-image-211\"\/><\/figure><\/div>\n\n\n<p class=\"has-text-align-center\">Potenciar el comer\u00e7 de proximitat.<\/p>\n<\/div>\n\n\n\n<div class=\"wp-block-column is-layout-flow wp-block-column-is-layout-flow\"><div class=\"wp-block-image\">\n<figure class=\"aligncenter size-full\"><img loading=\"lazy\" decoding=\"async\" width=\"87\" height=\"87\" src=\"https:\/\/myblog-b1g18ijg6i.live-website.com\/wp-content\/uploads\/2023\/07\/obj-5.png\" alt=\"\" class=\"wp-image-212\"\/><\/figure><\/div>\n\n\n<p class=\"has-text-align-center\">Fomentar accions de sostenibilitat als comer\u00e7os.<\/p>\n<\/div>\n\n\n\n<div class=\"wp-block-column is-layout-flow wp-block-column-is-layout-flow\"><div class=\"wp-block-image\">\n<figure class=\"aligncenter size-full\"><img loading=\"lazy\" decoding=\"async\" width=\"87\" height=\"87\" src=\"https:\/\/myblog-b1g18ijg6i.live-website.com\/wp-content\/uploads\/2023\/07\/obj-6.png\" alt=\"\" class=\"wp-image-213\"\/><\/figure><\/div>\n\n\n<p class=\"has-text-align-center\">Contribuir a la millora de la competitivitat del comer\u00e7 i desenvolupar altres accions que fomentin la millora econ\u00f2mica i social del barri.<\/p>\n<\/div>\n<\/div>\n<\/div><\/section>\n\n\n\n<section class=\"wp-block-group quote-destacado is-layout-constrained wp-block-group-is-layout-constrained\"><div class=\"wp-block-group__inner-container\">\n<div class=\"wp-block-columns is-layout-flex wp-container-core-columns-layout-4 wp-block-columns-is-layout-flex\">\n<div class=\"wp-block-column is-layout-flow wp-block-column-is-layout-flow\"><div class=\"wp-block-image\">\n<figure class=\"aligncenter size-full\"><img loading=\"lazy\" decoding=\"async\" width=\"240\" height=\"240\" src=\"https:\/\/myblog-b1g18ijg6i.live-website.com\/wp-content\/uploads\/2023\/07\/esther-photo.png\" alt=\"\" class=\"wp-image-226\" srcset=\"https:\/\/larambleta.es\/wp-content\/uploads\/2023\/07\/esther-photo.png 240w, https:\/\/larambleta.es\/wp-content\/uploads\/2023\/07\/esther-photo-150x150.png 150w\" sizes=\"(max-width: 240px) 100vw, 240px\" \/><\/figure><\/div>\n\n\n<p class=\"has-text-align-center\">El nostre principal objectiu \u00e9s vetllar pel comer\u00e7 de proximitat, ajudar en tot all\u00f2 que sigui a la nostra m\u00e0 i continuar donant vida al barri de La Prosperitat. Perqu\u00e8 si alguna cosa tenim clar \u00e9s que, el petit comer\u00e7, el comer\u00e7 de barri, sempre ha estat i ser\u00e0 aqu\u00ed. I aquesta confian\u00e7a i proximitat \u00e9s el que ens fa \u00fanics.<\/p>\n\n\n\n<p class=\"has-text-align-center\"><strong>Esther Rodr\u00edguez<\/strong><\/p>\n\n\n\n<h6 class=\"wp-block-heading has-text-align-center\">residenta de l&#8217;Associaci\u00f3 de Comerciants de La Rambleta<\/h6>\n<\/div>\n<\/div>\n<\/div><\/section>\n","protected":false},"excerpt":{"rendered":"<p><!-- wp:group {\"tagName\":\"section\",\"className\":\"top-la-asociacion\",\"layout\":{\"type\":\"constrained\"}} --><\/p>\n<section class=\"wp-block-group top-la-asociacion\"><!-- wp:heading {\"textAlign\":\"center\",\"level\":1,\"className\":\"decorated\"} --><\/p>\n<h1 class=\"wp-block... \n\n","protected":false},"author":1,"featured_media":222,"parent":0,"menu_order":0,"comment_status":"closed","ping_status":"closed","template":"","meta":{"_acf_changed":false,"photos":"","website":"","twitter":"","facebook":"","twitch":"","youtube":"","instagram":"","linkedin":"","tiktok":"","name-display-cat":"","name-display-esp":"","adress":"","email":"","phone":"","about-ca":"","about-es":"","photo-gallery":"","horarios":"%5B%5D","map-location":"","footnotes":""},"acf":[],"_links":{"self":[{"href":"https:\/\/larambleta.es\/ca\/wp-json\/wp\/v2\/pages\/205"}],"collection":[{"href":"https:\/\/larambleta.es\/ca\/wp-json\/wp\/v2\/pages"}],"about":[{"href":"https:\/\/larambleta.es\/ca\/wp-json\/wp\/v2\/types\/page"}],"author":[{"embeddable":true,"href":"https:\/\/larambleta.es\/ca\/wp-json\/wp\/v2\/users\/1"}],"replies":[{"embeddable":true,"href":"https:\/\/larambleta.es\/ca\/wp-json\/wp\/v2\/comments?post=205"}],"version-history":[{"count":22,"href":"https:\/\/larambleta.es\/ca\/wp-json\/wp\/v2\/pages\/205\/revisions"}],"predecessor-version":[{"id":436,"href":"https:\/\/larambleta.es\/ca\/wp-json\/wp\/v2\/pages\/205\/revisions\/436"}],"wp:featuredmedia":[{"embeddable":true,"href":"https:\/\/larambleta.es\/ca\/wp-json\/wp\/v2\/media\/222"}],"wp:attachment":[{"href":"https:\/\/larambleta.es\/ca\/wp-json\/wp\/v2\/media?parent=205"}],"curies":[{"name":"wp","href":"https:\/\/api.w.org\/{rel}","templated":true}]}}