{"id":228,"date":"2023-07-30T10:29:23","date_gmt":"2023-07-30T10:29:23","guid":{"rendered":"http:\/\/delsol.design\/rambleta\/?page_id=228"},"modified":"2023-10-16T20:52:22","modified_gmt":"2023-10-16T20:52:22","slug":"asociate","status":"publish","type":"page","link":"https:\/\/larambleta.es\/ca\/asociate\/","title":{"rendered":"Associa\u2019t"},"content":{"rendered":"\n<section class=\"wp-block-group is-layout-constrained wp-block-group-is-layout-constrained\"><div class=\"wp-block-group__inner-container\">\n<h1 class=\"wp-block-heading has-text-align-center\"><strong><\/strong><strong>ASSOCIA\u2019T i hi sortir\u00e0s guanyant<\/strong><\/h1>\n\n\n\n<div style=\"height:40px\" aria-hidden=\"true\" class=\"wp-block-spacer\"><\/div>\n\n\n\n<p class=\"has-text-align-center large\">Per dur a terme iniciatives que contribuexin a millorar la competitivitat dels negocis de La Rambleta i de l\u2019entorn, desenvolupar la identitat de la zona comercial, influir en les millores del nostre entorn i promoure canvis en els h\u00e0bits dels consumidors, \u00e9s vital la uni\u00f3 del comer\u00e7.<\/p>\n<\/div><\/section>\n\n\n<div class=\"lazyblock-bloque-de-ventajas-mzbny wp-block-lazyblock-bloque-de-ventajas\"><section class=\"seccion-ventajas\">\n  <div class=\"container\">\n    <h3 class=\"uk-text-center\">Aquests s\u00f3n alguns dels avantatges d\u2019associar-te:<\/h3>\n    \n    <div class=\"uk-grid-60 uk-child-width-1-1@s uk-child-width-1-3@l uk-flex-center uk-text-center uk-grid-match\" uk-grid>\n            \n      <div>\n          <div class=\"uk-card uk-card-default card-join\">\n            \n                          <img decoding=\"async\" src=\"https:\/\/larambleta.es\/wp-content\/uploads\/2023\/07\/ventaja-1.png\">\n                        \n            <p><b>Canal de comunicaci\u00f3<\/b><\/p>\n            <p>Canal directe de comunicaci\u00f3n amb les entitats i les administracions p\u00fabliques en materia de comer\u00e7, seguretat, enllumenat, neteja\u2026<\/p>\n          <\/div>\n      <\/div>\n      \n            \n      <div>\n          <div class=\"uk-card uk-card-default card-join\">\n            \n                          <img decoding=\"async\" src=\"https:\/\/larambleta.es\/wp-content\/uploads\/2023\/07\/ventaja-2.png\">\n                        \n            <p><b>Enllumenat de Nadal.<\/b><\/p>\n            <p>En ser membre de l&#8217;Associaci\u00f3 de Comerciants de La Rambleta, formar\u00e0s part de l&#8217;itinerari que cada any compta amb llums de Nadal, gr\u00e0cies a la gesti\u00f3 realitzada per l&#8217;Associaci\u00f3 de Comerciants i el suport de l&#8217;Ajuntament de Barcelona a trav\u00e9s de les ajudes destinades a la instal\u00b7laci\u00f3 de llums de Nadal a la ciutat.<\/p>\n          <\/div>\n      <\/div>\n      \n            \n      <div>\n          <div class=\"uk-card uk-card-default card-join\">\n            \n                          <img decoding=\"async\" src=\"https:\/\/larambleta.es\/wp-content\/uploads\/2023\/07\/ventaja-3.png\">\n                        \n            <p><b>Informaci\u00f3, formaci\u00f3 i assessorament.<\/b><\/p>\n            <p>Per a la millora continua de la gesti\u00f3 i modernitzaci\u00f3 dels negocis. Informaci\u00f3 sobre normatives i ordenances, subvencions i ajusts.<\/p>\n          <\/div>\n      <\/div>\n      \n            \n      <div>\n          <div class=\"uk-card uk-card-default card-join\">\n            \n                          <img decoding=\"async\" src=\"https:\/\/larambleta.es\/wp-content\/uploads\/2023\/07\/ventaja-4.png\">\n                        \n            <p><b>Campanyes de comunicaci\u00f3, animaci\u00f3 i promoci\u00f3. <\/b><\/p>\n            <p>Publicitat de l\u2019oferta de productes i serveis dels negocis associats https:\/\/viunoubarris.com\/<\/p>\n          <\/div>\n      <\/div>\n      \n            \n      <div>\n          <div class=\"uk-card uk-card-default card-join\">\n            \n                          <img decoding=\"async\" src=\"https:\/\/larambleta.es\/wp-content\/uploads\/2023\/07\/ventaja-5.png\">\n                        \n            <p><b>Projectes i serveis de digitalitzaci\u00f3.<\/b><\/p>\n            <p>Per estar al dia en els aven\u00e7os tecnol\u00f3gics i utilizar-los per donar empenta al negoci.<\/p>\n          <\/div>\n      <\/div>\n      \n          <\/div>\n  \n  <\/div>\n<\/section><\/div>\n\n\n<section class=\"wp-block-group contact-details container-small is-layout-constrained wp-block-group-is-layout-constrained\"><div class=\"wp-block-group__inner-container\">\n<p class=\"has-text-align-center\"><strong>L\u2019ASSOCIACIONISME<\/strong> <strong><span style=\"color: #f3997b;\" class=\"ugb-highlight\">impulsa el comer\u00e7 de proximitat<\/span> <span style=\"color: #9796ca;\" class=\"ugb-highlight\">i potencia valors<\/span><\/strong> com la sostenibilitat, la solidaritat, la cocreaci\u00f3 i la col\u00b7laboraci\u00f3. A m\u00e9s, ajuda a contruir i a difondre la marca d\u2019identitat del territorio, tot refor\u00e7ant la seva singularitat.<\/p>\n\n\n\n<p class=\"has-text-align-center\">Si est\u00e0s interessat a formar part de l&#8217;Associaci\u00f3 de Comerciants de La Rambleta, pots enviar un correu electr\u00f2nic a:<\/p>\n\n\n\n<div style=\"height:40px\" aria-hidden=\"true\" class=\"wp-block-spacer\"><\/div>\n\n\n\n<div class=\"wp-block-columns is-layout-flex wp-container-core-columns-layout-1 wp-block-columns-is-layout-flex\">\n<div class=\"wp-block-column is-layout-flow wp-block-column-is-layout-flow\"><div class=\"wp-block-image\">\n<figure class=\"aligncenter size-full\"><img loading=\"lazy\" decoding=\"async\" width=\"40\" height=\"40\" src=\"https:\/\/myblog-b1g18ijg6i.live-website.com\/wp-content\/uploads\/2023\/07\/ico-mail.png\" alt=\"\" class=\"wp-image-253\"\/><\/figure><\/div>\n\n\n<p class=\"has-text-align-center large\"><strong>Email: <\/strong><\/p>\n\n\n\n<p class=\"has-text-align-center large\"><a href=\"mailto:acc.la.rambleta@gmail.com\" target=\"_blank\" rel=\"noreferrer noopener\">acc.la.rambleta@gmail.com<\/a><\/p>\n<\/div>\n\n\n\n<div class=\"wp-block-column is-layout-flow wp-block-column-is-layout-flow\"><div class=\"wp-block-image\">\n<figure class=\"aligncenter size-full\"><img loading=\"lazy\" decoding=\"async\" width=\"40\" height=\"40\" src=\"https:\/\/myblog-b1g18ijg6i.live-website.com\/wp-content\/uploads\/2023\/07\/ico-phone.png\" alt=\"\" class=\"wp-image-254\"\/><\/figure><\/div>\n\n\n<p class=\"has-text-align-center\"><strong>Tel\u00e9fono<\/strong><\/p>\n\n\n\n<p class=\"has-text-align-center\"><a href=\"tel:933502555.\">+34 933 502 555.<\/a><\/p>\n<\/div>\n<\/div>\n<\/div><\/section>\n\n\n\n<div style=\"height:130px\" aria-hidden=\"true\" class=\"wp-block-spacer\"><\/div>\n\n\n\n<section class=\"wp-block-group is-layout-constrained wp-block-group-is-layout-constrained\"><div class=\"wp-block-group__inner-container\">\n<div class=\"wp-block-columns gap-60 is-layout-flex wp-container-core-columns-layout-2 wp-block-columns-is-layout-flex\">\n<div class=\"wp-block-column is-layout-flow wp-block-column-is-layout-flow\" style=\"flex-basis:33.33%\">\n<figure class=\"wp-block-image size-full rounded\"><img loading=\"lazy\" decoding=\"async\" width=\"720\" height=\"746\" src=\"https:\/\/myblog-b1g18ijg6i.live-website.com\/wp-content\/uploads\/2023\/07\/join-img.jpg\" alt=\"\" class=\"wp-image-263\" srcset=\"https:\/\/larambleta.es\/wp-content\/uploads\/2023\/07\/join-img.jpg 720w, https:\/\/larambleta.es\/wp-content\/uploads\/2023\/07\/join-img-290x300.jpg 290w\" sizes=\"(max-width: 720px) 100vw, 720px\" \/><\/figure>\n<\/div>\n\n\n\n<div class=\"wp-block-column is-layout-flow wp-block-column-is-layout-flow\" style=\"flex-basis:66.66%\">\n<p class=\"x-large\"><strong><\/strong><strong>Paraules de la Presidenta de l&#8217;Associaci\u00f3 de Comerciants de La Rambleta<\/strong><\/p>\n\n\n\n<p>Fa set anys, un grup petit de comer\u00e7os de la Rambleta de Pablo Iglesias vam decidir fundar una associaci\u00f3 per a donar-nos suport els uns als altres i treballar junts per a aconseguir millores i prosperitat, no sols per als nostres comer\u00e7os, sin\u00f3 tamb\u00e9 per al barri de La Prosperitat en el qual ens hi trobem.<\/p>\n\n\n\n<p>No han estat anys f\u00e0cils, especialment els anys de pand\u00e8mia que, d&#8217;una i una altra forma, han afectat el comer\u00e7. Per\u00f2 amb esfor\u00e7 i molta feina, continuem tenint la confian\u00e7a dels ve\u00efns i ve\u00efnes de Pablo Iglesias i voltants. Aix\u00f2 \u00e9s el que ens mou i el que ens dona energia per a aixecar la persiana cada dia.<\/p>\n\n\n\n<p>Actualment, som 16 els comer\u00e7os associats i confiem a augmentar aquest n\u00famero en el futur perqu\u00e8 quants m\u00e9s comer\u00e7os siguem en l&#8217;associaci\u00f3, m\u00e9s fortalesa i capacitat de millora tindrem.<\/p>\n\n\n\n<p>El nostre principal objectiu \u00e9s vetllar pel comer\u00e7 de proximitat, ajudar en tot all\u00f2 que sigui a la nostra m\u00e0 i continuar donant vida al barri de La Prosperitat. Perqu\u00e8 si alguna cosa tenim clar \u00e9s que, el petit comer\u00e7, el comer\u00e7 de barri, sempre ha estat i ser\u00e0 aqu\u00ed. I aquesta confian\u00e7a i proximitat \u00e9s el que ens fa \u00fanics.<\/p>\n\n\n\n<p>Esther Rodr\u00edguez Morales. Presidenta de l&#8217;Associaci\u00f3 de Comerciants de La Rambleta.<\/p>\n\n\n\n<p>mejoras y prosperidad, no s\u00f3lo para nuestros comercios, sino tambi\u00e9n para el barrio de La Prosperitat en el que nos encontramos.<\/p>\n\n\n\n<p>No han sido a\u00f1os f\u00e1ciles, especialmente los a\u00f1os de pandemia que, de una y otra forma, han afectado al comercio. Pero con esfuerzo y mucho trabajo seguimos teniendo la confianza de los vecinos y vecinas de Pablo Iglesias y alrededores. Eso es lo que nos mueve y lo que nos da energ\u00eda para levantar la persiana cada d\u00eda.<\/p>\n\n\n\n<p>Actualmente somos 16 los comercios asociados y confiamos en aumentar este n\u00famero en el futuro porque cuantos m\u00e1s comercios seamos en la asociaci\u00f3n, m\u00e1s fortaleza y capacidad de mejora tendremos.<\/p>\n\n\n\n<p>Nuestro principal objetivo es velar por el comercio de proximidad, ayudar en todo aquello que est\u00e9 en nuestra mano y seguir dando vida al barrio de La Prosperitat. Porque si algo tenemos claro es que, el peque\u00f1o comercio, el comercio de barrio, siempre ha estado y estar\u00e1 ah\u00ed. <\/p>\n\n\n\n<p>Y esa confianza y cercan\u00eda es lo que nos hace \u00fanicos.<\/p>\n\n\n\n<p class=\"uk-width-1-2\"><strong>Esther Rodr\u00edguez Morales. <\/strong><br \/>Presidenta de la Asociaci\u00f3n de Comerciantes de La Rambleta<\/p>\n<\/div>\n<\/div>\n<\/div><\/section>\n\n\n\n<p><\/p>\n","protected":false},"excerpt":{"rendered":"<p><!-- wp:group {\"tagName\":\"section\",\"layout\":{\"type\":\"constrained\"}} --><\/p>\n<section class=\"wp-block-group\"><!-- wp:heading {\"textAlign\":\"center\",\"level\":1} --><\/p>\n<h1 class=\"wp-block-heading has-text-align-center\"><strong><strong>ASSOCIA\u2019T i hi sortir\u00e0s gu&#8230;<\/p>\n","protected":false},"author":1,"featured_media":229,"parent":0,"menu_order":0,"comment_status":"closed","ping_status":"closed","template":"","meta":{"_acf_changed":false,"photos":"","website":"","twitter":"","facebook":"","twitch":"","youtube":"","instagram":"","linkedin":"","tiktok":"","name-display-cat":"","name-display-esp":"","adress":"","email":"","phone":"0","about-ca":"","about-es":"","photo-gallery":"","horarios":"%5B%7B%22days-ca%22:%22%22,%22days-es%22:%22%22,%22days-ca-copy-copy%22:%22%22,%22horario-del-dia%22:%22%22%7D%5D","map-location":"","footnotes":""},"acf":[],"_links":{"self":[{"href":"https:\/\/larambleta.es\/ca\/wp-json\/wp\/v2\/pages\/228"}],"collection":[{"href":"https:\/\/larambleta.es\/ca\/wp-json\/wp\/v2\/pages"}],"about":[{"href":"https:\/\/larambleta.es\/ca\/wp-json\/wp\/v2\/types\/page"}],"author":[{"embeddable":true,"href":"https:\/\/larambleta.es\/ca\/wp-json\/wp\/v2\/users\/1"}],"replies":[{"embeddable":true,"href":"https:\/\/larambleta.es\/ca\/wp-json\/wp\/v2\/comments?post=228"}],"version-history":[{"count":39,"href":"https:\/\/larambleta.es\/ca\/wp-json\/wp\/v2\/pages\/228\/revisions"}],"predecessor-version":[{"id":479,"href":"https:\/\/larambleta.es\/ca\/wp-json\/wp\/v2\/pages\/228\/revisions\/479"}],"wp:featuredmedia":[{"embeddable":true,"href":"https:\/\/larambleta.es\/ca\/wp-json\/wp\/v2\/media\/229"}],"wp:attachment":[{"href":"https:\/\/larambleta.es\/ca\/wp-json\/wp\/v2\/media?parent=228"}],"curies":[{"name":"wp","href":"https:\/\/api.w.org\/{rel}","templated":true}]}}