{"id":10,"date":"2023-06-18T15:31:44","date_gmt":"2023-06-18T15:31:44","guid":{"rendered":"http:\/\/delsol.design\/rambleta\/?page_id=10"},"modified":"2024-01-10T22:53:40","modified_gmt":"2024-01-10T22:53:40","slug":"homepage","status":"publish","type":"page","link":"https:\/\/larambleta.es\/es_ES\/","title":{"rendered":"Inicio"},"content":{"rendered":"\n<h2 class=\"wp-block-heading has-text-align-center home-title-main\"><strong>Qui\u00e9nes somos<\/strong><\/h2>\n\n\n\n<h5 class=\"wp-block-heading has-text-align-center home-title-line\">La Asociaci\u00f3n de Comerciantes de La Rambleta cuenta en la actualidad con 16 comercios asociados.<\/h5>\n\n\n\n<div class=\"wp-block-columns aligned-columns wide-gap mb-4 is-layout-flex wp-container-core-columns-layout-1 wp-block-columns-is-layout-flex\">\n<div class=\"wp-block-column is-layout-flow wp-block-column-is-layout-flow\">\n<figure class=\"wp-block-image size-large\"><img loading=\"lazy\" decoding=\"async\" width=\"857\" height=\"1024\" src=\"https:\/\/myblog-b1g18ijg6i.live-website.com\/wp-content\/uploads\/2023\/07\/rambleta-collage-857x1024.png\" alt=\"\" class=\"wp-image-56\" srcset=\"https:\/\/larambleta.es\/wp-content\/uploads\/2023\/07\/rambleta-collage-857x1024.png 857w, https:\/\/larambleta.es\/wp-content\/uploads\/2023\/07\/rambleta-collage-251x300.png 251w, https:\/\/larambleta.es\/wp-content\/uploads\/2023\/07\/rambleta-collage-768x917.png 768w, https:\/\/larambleta.es\/wp-content\/uploads\/2023\/07\/rambleta-collage.png 1059w\" sizes=\"(max-width: 857px) 100vw, 857px\" \/><\/figure>\n<\/div>\n\n\n\n<div class=\"wp-block-column is-layout-flow wp-block-column-is-layout-flow\">\n<p>La Asociaci\u00f3n de Comerciantes de La Rambleta es una entidad formada por varios comercios ubicados, en su mayor\u00eda, en la Rambleta de Pablo Iglesias, que surgi\u00f3 con el objetivo de dinamizar, mejorar y apoyar al comercio de esta zona del barrio de La Prosperitat.<\/p>\n\n\n\n<p>En este sentido, desde la asociaci\u00f3n se est\u00e1 trabajando para visibilizar el comercio a trav\u00e9s de acciones de promoci\u00f3n econ\u00f3mica y, al mismo tiempo, se est\u00e1 desarrollando una labor interna de apoyo a las necesidades del peque\u00f1o comercio, teniendo en cuenta los recursos p\u00fablicos que hay disponibles para ayudar a este sector a ser m\u00e1s competitivo (ayudas, formaci\u00f3n, asesoramiento\u2026).<\/p>\n\n\n\n<p>Adem\u00e1s, intentamos colaborar en las actividades que se desarrollan en el territorio por parte de otras entidades y crear sinergias que permitan avanzar, no s\u00f3lo al comercio, sino al barrio en el que nos encontramos: La Prosperitat.<\/p>\n\n\n\n<p>Por ello, para nosotros es muy importante fomentar la cohesi\u00f3n social, la uni\u00f3n y la solidaridad y, en la medida de nuestras posibilidades, contribuir al desarrollo econ\u00f3mico del barrio, muy especialmente del peque\u00f1o comercio, mejorando su competitividad y, al mismo tiempo, fortalecer a la Asociaci\u00f3n de Comerciantes de La Rambleta.<\/p>\n\n\n\n<div class=\"wp-block-buttons is-layout-flex wp-block-buttons-is-layout-flex\">\n<div class=\"wp-block-button\"><a class=\"wp-block-button__link wp-element-button\" href=\"https:\/\/myblog-b1g18ijg6i.live-website.com\/la-asociacion\/\">Saber m\u00e1s<\/a><\/div>\n<\/div>\n<\/div>\n<\/div>\n\n\n\n<p><\/p>\n","protected":false},"excerpt":{"rendered":"<p><!-- wp:heading {\"textAlign\":\"center\",\"className\":\"home-title-main\"} --><\/p>\n<h2 class=\"wp-block-heading has-text-align-center home-title-main\"><strong>Qui\u00e9nes somos<\/strong><\/h2>\n<p><!-- \/wp:heading --><\/p>\n<p><!-- wp:heading {\"textAlign\":\"center\",\"level\":5,\"cla...\n<\/p>\n","protected":false},"author":1,"featured_media":52,"parent":0,"menu_order":0,"comment_status":"closed","ping_status":"closed","template":"","meta":{"_acf_changed":false,"photos":"","website":"","twitter":"","facebook":"","twitch":"","youtube":"","instagram":"","linkedin":"","tiktok":"","name-display-cat":"","name-display-esp":"","adress":"","email":"","phone":"","about-ca":"","about-es":"","photo-gallery":"","horarios":"%5B%5D","map-location":"","footnotes":""},"acf":[],"_links":{"self":[{"href":"https:\/\/larambleta.es\/es_ES\/wp-json\/wp\/v2\/pages\/10"}],"collection":[{"href":"https:\/\/larambleta.es\/es_ES\/wp-json\/wp\/v2\/pages"}],"about":[{"href":"https:\/\/larambleta.es\/es_ES\/wp-json\/wp\/v2\/types\/page"}],"author":[{"embeddable":true,"href":"https:\/\/larambleta.es\/es_ES\/wp-json\/wp\/v2\/users\/1"}],"replies":[{"embeddable":true,"href":"https:\/\/larambleta.es\/es_ES\/wp-json\/wp\/v2\/comments?post=10"}],"version-history":[{"count":69,"href":"https:\/\/larambleta.es\/es_ES\/wp-json\/wp\/v2\/pages\/10\/revisions"}],"predecessor-version":[{"id":616,"href":"https:\/\/larambleta.es\/es_ES\/wp-json\/wp\/v2\/pages\/10\/revisions\/616"}],"wp:featuredmedia":[{"embeddable":true,"href":"https:\/\/larambleta.es\/es_ES\/wp-json\/wp\/v2\/media\/52"}],"wp:attachment":[{"href":"https:\/\/larambleta.es\/es_ES\/wp-json\/wp\/v2\/media?parent=10"}],"curies":[{"name":"wp","href":"https:\/\/api.w.org\/{rel}","templated":true}]}}