{"id":205,"date":"2023-07-29T14:03:52","date_gmt":"2023-07-29T14:03:52","guid":{"rendered":"http:\/\/delsol.design\/rambleta\/?page_id=205"},"modified":"2023-08-11T16:13:11","modified_gmt":"2023-08-11T16:13:11","slug":"la-asociacion","status":"publish","type":"page","link":"https:\/\/larambleta.es\/es_ES\/la-asociacion\/","title":{"rendered":"La asociaci\u00f3n"},"content":{"rendered":"\n<section class=\"wp-block-group top-la-asociacion is-layout-constrained wp-block-group-is-layout-constrained\"><div class=\"wp-block-group__inner-container\">\n<h1 class=\"wp-block-heading has-text-align-center decorated\"><strong>La Asociaci\u00f3n<\/strong><\/h1>\n\n\n\n<div class=\"wp-block-columns is-layout-flex wp-container-core-columns-layout-1 wp-block-columns-is-layout-flex\">\n<div class=\"wp-block-column is-layout-flow wp-block-column-is-layout-flow\">\n<figure class=\"wp-block-image size-full\"><img loading=\"lazy\" decoding=\"async\" width=\"570\" height=\"480\" src=\"https:\/\/myblog-b1g18ijg6i.live-website.com\/wp-content\/uploads\/2023\/07\/associacion-img.png\" alt=\"\" class=\"wp-image-207\" srcset=\"https:\/\/larambleta.es\/wp-content\/uploads\/2023\/07\/associacion-img.png 570w, https:\/\/larambleta.es\/wp-content\/uploads\/2023\/07\/associacion-img-300x253.png 300w\" sizes=\"(max-width: 570px) 100vw, 570px\" \/><\/figure>\n<\/div>\n\n\n\n<div class=\"wp-block-column is-layout-flow wp-block-column-is-layout-flow\">\n<p>La Asociaci\u00f3n de Comerciantes de La Rambleta cuenta en la actualidad con 16 comercios asociados ubicados, en su mayor\u00eda, en la zona conocida como la Rambleta de Pablo Iglesias.<br \/><br \/>La entidad, que naci\u00f3 en el a\u00f1o 2016, tiene como principal objetivo la defensa de los intereses de los comercios y empresas de La Rambleta y la representaci\u00f3n de este colectivo frente a la Administraci\u00f3n.<br \/><br \/>Adem\u00e1s, con la creaci\u00f3n de esta asociaci\u00f3n se fijaron otras metas como fomentar la cohesi\u00f3n del tejido comercial y empresarial de esta zona y la colaboraci\u00f3n y participaci\u00f3n en aquellos proyectos del barrio que contribuyan a mejorar la competitividad y la promoci\u00f3n de las empresas ubicadas en esta zona.<\/p>\n<\/div>\n<\/div>\n<\/div><\/section>\n\n\n\n<div style=\"height:110px\" aria-hidden=\"true\" class=\"wp-block-spacer\"><\/div>\n\n\n\n<section class=\"wp-block-group section-gray is-layout-constrained wp-block-group-is-layout-constrained\"><div class=\"wp-block-group__inner-container\">\n<h2 class=\"wp-block-heading has-text-align-center\">Objetivos de la asociaci\u00f3n<\/h2>\n\n\n\n<div style=\"height:70px\" aria-hidden=\"true\" class=\"wp-block-spacer\"><\/div>\n\n\n\n<div class=\"wp-block-columns feature-cards is-layout-flex wp-container-core-columns-layout-2 wp-block-columns-is-layout-flex\">\n<div class=\"wp-block-column is-layout-flow wp-block-column-is-layout-flow\"><div class=\"wp-block-image\">\n<figure class=\"aligncenter size-full\"><img loading=\"lazy\" decoding=\"async\" width=\"87\" height=\"87\" src=\"https:\/\/myblog-b1g18ijg6i.live-website.com\/wp-content\/uploads\/2023\/07\/obj-1.png\" alt=\"\" class=\"wp-image-208\"\/><\/figure><\/div>\n\n\n<p class=\"has-text-align-center\">Establecer contactos con el resto de entidades del barrio de La Prosperitat, organizaciones y entidades p\u00fablicas del territorio.<\/p>\n<\/div>\n\n\n\n<div class=\"wp-block-column is-layout-flow wp-block-column-is-layout-flow\"><div class=\"wp-block-image\">\n<figure class=\"aligncenter size-full\"><img loading=\"lazy\" decoding=\"async\" width=\"87\" height=\"87\" src=\"https:\/\/myblog-b1g18ijg6i.live-website.com\/wp-content\/uploads\/2023\/07\/obj-2.png\" alt=\"\" class=\"wp-image-209\"\/><\/figure><\/div>\n\n\n<p class=\"has-text-align-center\">Potenciar la actividad comercial de La Rambleta.<\/p>\n<\/div>\n\n\n\n<div class=\"wp-block-column is-layout-flow wp-block-column-is-layout-flow\"><div class=\"wp-block-image\">\n<figure class=\"aligncenter size-full\"><img loading=\"lazy\" decoding=\"async\" width=\"87\" height=\"87\" src=\"https:\/\/myblog-b1g18ijg6i.live-website.com\/wp-content\/uploads\/2023\/07\/obj-3.png\" alt=\"\" class=\"wp-image-210\"\/><\/figure><\/div>\n\n\n<p class=\"has-text-align-center\">Fomentar la cooperaci\u00f3n entre los comercios y los comerciantes<\/p>\n<\/div>\n<\/div>\n\n\n\n<div class=\"wp-block-columns feature-cards is-layout-flex wp-container-core-columns-layout-3 wp-block-columns-is-layout-flex\">\n<div class=\"wp-block-column is-layout-flow wp-block-column-is-layout-flow\"><div class=\"wp-block-image\">\n<figure class=\"aligncenter size-full\"><img loading=\"lazy\" decoding=\"async\" width=\"87\" height=\"87\" src=\"https:\/\/myblog-b1g18ijg6i.live-website.com\/wp-content\/uploads\/2023\/07\/obj-4.png\" alt=\"\" class=\"wp-image-211\"\/><\/figure><\/div>\n\n\n<p class=\"has-text-align-center\">Potenciar el comercio de proximidad.<\/p>\n<\/div>\n\n\n\n<div class=\"wp-block-column is-layout-flow wp-block-column-is-layout-flow\"><div class=\"wp-block-image\">\n<figure class=\"aligncenter size-full\"><img loading=\"lazy\" decoding=\"async\" width=\"87\" height=\"87\" src=\"https:\/\/myblog-b1g18ijg6i.live-website.com\/wp-content\/uploads\/2023\/07\/obj-5.png\" alt=\"\" class=\"wp-image-212\"\/><\/figure><\/div>\n\n\n<p class=\"has-text-align-center\">Fomentar acciones de sostenibilidad en los comercios<\/p>\n<\/div>\n\n\n\n<div class=\"wp-block-column is-layout-flow wp-block-column-is-layout-flow\"><div class=\"wp-block-image\">\n<figure class=\"aligncenter size-full\"><img loading=\"lazy\" decoding=\"async\" width=\"87\" height=\"87\" src=\"https:\/\/myblog-b1g18ijg6i.live-website.com\/wp-content\/uploads\/2023\/07\/obj-6.png\" alt=\"\" class=\"wp-image-213\"\/><\/figure><\/div>\n\n\n<p class=\"has-text-align-center\">Contribuir a la mejora de la competitividad del comercio y desarrollar otras acciones que fomenten la mejora econ\u00f3mica y social del barrio.<\/p>\n<\/div>\n<\/div>\n<\/div><\/section>\n\n\n\n<section class=\"wp-block-group quote-destacado is-layout-constrained wp-block-group-is-layout-constrained\"><div class=\"wp-block-group__inner-container\">\n<div class=\"wp-block-columns is-layout-flex wp-container-core-columns-layout-4 wp-block-columns-is-layout-flex\">\n<div class=\"wp-block-column is-layout-flow wp-block-column-is-layout-flow\"><div class=\"wp-block-image\">\n<figure class=\"aligncenter size-full\"><img loading=\"lazy\" decoding=\"async\" width=\"240\" height=\"240\" src=\"https:\/\/myblog-b1g18ijg6i.live-website.com\/wp-content\/uploads\/2023\/07\/esther-photo.png\" alt=\"\" class=\"wp-image-226\" srcset=\"https:\/\/larambleta.es\/wp-content\/uploads\/2023\/07\/esther-photo.png 240w, https:\/\/larambleta.es\/wp-content\/uploads\/2023\/07\/esther-photo-150x150.png 150w\" sizes=\"(max-width: 240px) 100vw, 240px\" \/><\/figure><\/div>\n\n\n<p class=\"has-text-align-center\">\u201cNuestro principal objetivo es velar por el comercio de proximidad, ayudar en todo aquello que est\u00e9 en nuestra mano y seguir dando vida al barrio de La Prosperitat. Porque si algo tenemos claro es que, el peque\u00f1o comercio, el comercio de barrio, siempre ha estado y estar\u00e1 ah\u00ed. Y esa confianza y cercan\u00eda es lo que nos hace \u00fanicos.\u201d<\/p>\n\n\n\n<p class=\"has-text-align-center\"><strong>Esther Rodr\u00edguez<\/strong><\/p>\n\n\n\n<h6 class=\"wp-block-heading has-text-align-center\">Presidenta de la Asociaci\u00f3n de Comerciantes de La Rambleta<\/h6>\n<\/div>\n<\/div>\n<\/div><\/section>\n","protected":false},"excerpt":{"rendered":"<p><!-- wp:group {\"tagName\":\"section\",\"className\":\"top-la-asociacion\",\"layout\":{\"type\":\"constrained\"}} --><\/p>\n<section class=\"wp-block-group top-la-asociacion\"><!-- wp:heading {\"textAlign\":\"center\",\"level\":1,\"className\":\"decorated\"} --><\/p>\n<h1 class=\"wp-block... \n\n","protected":false},"author":1,"featured_media":222,"parent":0,"menu_order":0,"comment_status":"closed","ping_status":"closed","template":"","meta":{"_acf_changed":false,"photos":"","website":"","twitter":"","facebook":"","twitch":"","youtube":"","instagram":"","linkedin":"","tiktok":"","name-display-cat":"","name-display-esp":"","adress":"","email":"","phone":"","about-ca":"","about-es":"","photo-gallery":"","horarios":"%5B%5D","map-location":"","footnotes":""},"acf":[],"_links":{"self":[{"href":"https:\/\/larambleta.es\/es_ES\/wp-json\/wp\/v2\/pages\/205"}],"collection":[{"href":"https:\/\/larambleta.es\/es_ES\/wp-json\/wp\/v2\/pages"}],"about":[{"href":"https:\/\/larambleta.es\/es_ES\/wp-json\/wp\/v2\/types\/page"}],"author":[{"embeddable":true,"href":"https:\/\/larambleta.es\/es_ES\/wp-json\/wp\/v2\/users\/1"}],"replies":[{"embeddable":true,"href":"https:\/\/larambleta.es\/es_ES\/wp-json\/wp\/v2\/comments?post=205"}],"version-history":[{"count":22,"href":"https:\/\/larambleta.es\/es_ES\/wp-json\/wp\/v2\/pages\/205\/revisions"}],"predecessor-version":[{"id":436,"href":"https:\/\/larambleta.es\/es_ES\/wp-json\/wp\/v2\/pages\/205\/revisions\/436"}],"wp:featuredmedia":[{"embeddable":true,"href":"https:\/\/larambleta.es\/es_ES\/wp-json\/wp\/v2\/media\/222"}],"wp:attachment":[{"href":"https:\/\/larambleta.es\/es_ES\/wp-json\/wp\/v2\/media?parent=205"}],"curies":[{"name":"wp","href":"https:\/\/api.w.org\/{rel}","templated":true}]}}